{"id":254,"date":"2023-07-19T09:12:49","date_gmt":"2023-07-19T13:12:49","guid":{"rendered":"https:\/\/konekcastg.wpengine.com\/?page_id=254"},"modified":"2026-04-01T10:12:35","modified_gmt":"2026-04-01T14:12:35","slug":"commercants","status":"publish","type":"page","link":"https:\/\/konek.ca\/fr\/commercants\/","title":{"rendered":"Commer\u00e7ants"},"content":{"rendered":"\n<section id=\"hero\" class=\"hero-block\" style=\"background-color: #f9f9f9; padding-top:50px; padding-bottom:0px; margin-bottom:0px; margin-top:0px\">\n    <div class=\"container pt-5 py-md-5\">\n        \n                <div class=\"row d-flex justify-content-between align-items-center has-bg-img\">\n        <div class=\"col-12 col-md-5\">\n                            \n                <h1>Donnez \u00e0 vos clients plus de fa\u00e7ons de payer avec Konek<\/h1>\n                                            <div class=\"fw-normal mt-3 hero-copy animate__slideInDown\"><p>La solution de paiement Konek<sup>MC<\/sup> offre \u00e0 vos clients la flexibilit\u00e9 et le choix de payer avec leurs cartes de d\u00e9bit et de cr\u00e9dit ou directement \u00e0 partir de leur compte ch\u00e8ques, d\u2019\u00e9pargne ou de marge de cr\u00e9dit avec <a href=\"https:\/\/www.interac.ca\/fr\/paiements\/entreprises\/acceptez-les-paiements-en-ligne-avec-interac-direct\/\" target=\"_blank\">Interac Direct<\/a><sup>MC<\/sup> \u2013 exclusivement disponible sur Konek.<\/p><\/div>\n            \n                            <a href=\"https:\/\/content.interac.ca\/Konek-ensavoirplus-business\" class=\"btn rounded-1 btn-primary my-4 p-2 fw-bold\" aria-label=\"Contactez-nous\">Contactez-nous<\/a>\n            \n            <\/div>\n                <div class=\"col-12 col-md-4 mx-auto\">\n                    \n                                        <video width=\"100%\" id=\"homepage_vid\" src=\"https:\/\/konek.ca\/wp-content\/uploads\/2026\/04\/HP-French.mov\" playsinline loop muted autoplay><\/video>\n                    \n                <\/div>\n            <\/div>\n\n            <\/div>\n                \n    <\/div>\n<\/section>\n\n\n<section id=\"logo-grid\" class=\"logo-grid-block k-lag\" style=\"background-color: ; padding-top:0px; padding-bottom:0px; margin-bottom:100px; margin-top:100px\">\n    <div class=\"container\">\n        <div class=\"row\">\n            <div class=\"col-12 text-center mb-5\">\n                                                    <div class=\"copy fs-5\"><p><strong>Konek est d\u00e9velopp\u00e9e par Interac Corp., en collaboration avec les plus grandes institutions financi\u00e8res au Canada.<\/strong><\/p>\n<\/div>\n                             <\/div>\n        <\/div>\n    <\/div>\n    \n    \n        <div class=\"container\">\n            <div class=\"row\">\n                <div class=\"col 1\"><a href=\"https:\/\/www.bmo.com\/payeravecKonek\" target=\"_blank\" rel=\"nofollow noopener\"><div class=\"logo\" style=\"height:60px\"><img decoding=\"async\" class=\"img-fluid\" src=\"https:\/\/konek.ca\/wp-content\/smush-webp\/2023\/11\/bmo-blue-on-transparent-en.png.webp\" alt=\"\" loading=\"lazy\" \/><\/div><\/a><\/div><div class=\"col 2\"><a href=\"https:\/\/www.bnc.ca\/particuliers\/comptes\/services\/paiement-enligne.html\" target=\"_blank\" rel=\"nofollow noopener\"><div class=\"logo\"><img decoding=\"async\" class=\"img-fluid\" src=\"https:\/\/konek.ca\/wp-content\/smush-webp\/2025\/11\/BN_4c.jpg.webp\" alt=\"\" loading=\"lazy\" \/><\/div><\/a><\/div><div class=\"col 3\"><a href=\"https:\/\/www.interac.ca\/fr\/paiements\/personnelles\/payez-en-ligne-avec-interac-direct\/\" target=\"_blank\" rel=\"nofollow noopener\"><div class=\"logo\"><img decoding=\"async\" class=\"img-fluid\" src=\"https:\/\/konek.ca\/wp-content\/smush-webp\/2023\/08\/Interac_Two-Colour_RGB.png.webp\" alt=\"\" loading=\"lazy\" \/><\/div><\/a><\/div><div class=\"col 4\"><a href=\"https:\/\/www.rbcroyalbank.com\/fr\/services-bancaires\/konek\/index.html\" target=\"_blank\" rel=\"nofollow noopener\"><div class=\"logo\"><img decoding=\"async\" class=\"img-fluid\" src=\"https:\/\/konek.ca\/wp-content\/smush-webp\/2023\/08\/RBC_Royal_Bank.png.webp\" alt=\"\" loading=\"lazy\" \/><\/div><\/a><\/div><div class=\"col 5\"><a href=\"https:\/\/www.scotiabank.com\/ca\/en\/personal\/bank-your-way\/konek-pay.html\" target=\"_blank\" rel=\"nofollow noopener\"><div class=\"logo\"><img decoding=\"async\" class=\"img-fluid\" src=\"https:\/\/konek.ca\/wp-content\/smush-webp\/2023\/10\/logo_scotiabank_19_rgb.png.webp\" alt=\"\" loading=\"lazy\" \/><\/div><\/a><\/div><div class=\"col 6\"><a href=\"https:\/\/www.td.com\/ca\/fr\/services-bancaires-personnels\/services-bancaires\/modes-de-paiement\/Konek\" target=\"_blank\" rel=\"nofollow noopener\"><div class=\"logo\"><img decoding=\"async\" class=\"img-fluid\" src=\"https:\/\/konek.ca\/wp-content\/smush-webp\/2023\/08\/td-1.png.webp\" alt=\"\" loading=\"lazy\" \/><\/div><\/a><\/div><div class=\"is-hidden grid-x grid-margin-x align-center align-middle\" id=\"row-logos\" data-toggler=\"is-hidden\"><\/div>                            <\/div>\n        <\/div>\n        <\/section>\n\n\n<div class=\"wp-block-columns is-layout-flex wp-container-core-columns-is-layout-9d6595d7 wp-block-columns-is-layout-flex\">\n<div class=\"wp-block-column is-layout-flow wp-block-column-is-layout-flow\">\n<figure class=\"wp-block-video\"><video height=\"1080\" style=\"aspect-ratio: 1920 \/ 1080;\" width=\"1920\" controls muted src=\"https:\/\/konek.ca\/wp-content\/uploads\/2026\/04\/Konek-Intro-Video-Merchant-FR.mp4\"><\/video><\/figure>\n<\/div>\n<\/div>\n\n\n\n<section id=\"flip-card\" class=\"flip-card-block k-features\" style=\"background-color: ; padding-top:0px; padding-bottom:0px; margin-bottom:0px; margin-top:0px\">\n    <div class=\"container\">\n                    <div class=\"row\">\n                <div class=\"col text-center mb-5\">\n                                            <h2>Am\u00e9liorez votre exp\u00e9rience de paiement<\/h2>\n                                                        <\/div>\n            <\/div>\n        \n                            <div class=\"row d-flex justify-content-center\">\n                                \n                        <div class=\"col-card border border-0 mx-4 col-md-12 col-lg-5 \" style=\"background-color: #f8f8f8;\">\n                                                <div class=\"card bg-transparent border-0\">\n                        <div class=\"front\">\n                            <div class=\"card-header px-0 bg-transparent border border-0\">\n                                <h5 class=\"card-title my-0 py-0\">Plus D\u2019options De Paiement<\/h5>\n                            <\/div>\n                            <div class=\"card-body px-0\">\n                                <p>Nous prenons en charge les comptes ch\u00e8ques, les comptes d\u2019\u00e9pargne, les lignes de cr\u00e9dit et les cartes de cr\u00e9dit ou de d\u00e9bit affili\u00e9es \u00e0 une institution financi\u00e8re participante.<\/p>\n                                                                    <img decoding=\"async\" class=\"mx-auto d-block\" src=\"https:\/\/konek.ca\/wp-content\/smush-webp\/2025\/10\/Cards1.png.webp\" alt=\"\" class=\"img-fluid mb-3\" loading=\"lazy\" \/>\n                                                            <\/div>\n                        <\/div>\n                                            <\/div>\n                    <\/div>\n                                \n                        <div class=\"col-card border border-0 mx-4 col-md-12 col-lg-5 \" style=\"background-color: #f8f8f8;\">\n                                                <div class=\"card bg-transparent border-0\">\n                        <div class=\"front\">\n                            <div class=\"card-header px-0 bg-transparent border border-0\">\n                                <h5 class=\"card-title my-0 py-0\">Rentable<\/h5>\n                            <\/div>\n                            <div class=\"card-body px-0\">\n                                <p>Konek peut vous aider \u00e0 r\u00e9duire vos co\u00fbts globaux en r\u00e9duisant les taux de fraude et les contrepassations aux commer\u00e7ants par rapport \u00e0 certains autres modes de paiement.<\/p>\n                                                                    <img decoding=\"async\" class=\"mx-auto d-block\" src=\"https:\/\/konek.ca\/wp-content\/smush-webp\/2026\/03\/FR-Merchant-Table.png.webp\" alt=\"\" class=\"img-fluid mb-3\" loading=\"lazy\" \/>\n                                                            <\/div>\n                        <\/div>\n                                            <\/div>\n                    <\/div>\n                                    <\/div>\n                    \n    <\/div>\n<\/section>\n\n\n<section id=\"flip-card\" class=\"flip-card-block k-features\" style=\"background-color: ; padding-top:0px; padding-bottom:0px; margin-bottom:0px; margin-top:0px\">\n    <div class=\"container\">\n        \n                            <div class=\"row d-flex justify-content-center\">\n                                \n                        <div class=\"col-card border border-0 mx-4 col-md-12 col-lg-5 \" style=\"background-color: #f8f8f8;\">\n                                                <div class=\"card bg-transparent border-0\">\n                        <div class=\"front\">\n                            <div class=\"card-header px-0 bg-transparent border border-0\">\n                                <h5 class=\"card-title my-0 py-0\">Simplicit\u00e9 et rapidit\u00e9<\/h5>\n                            <\/div>\n                            <div class=\"card-body px-0\">\n                                <p>Konek offre une solution de paiement rapide qui permet aux clients d\u2019effectuer un achat en quelques clics.<\/p>\n                                                                    <img decoding=\"async\" class=\"mx-auto d-block\" src=\"https:\/\/konek.ca\/wp-content\/smush-webp\/2026\/04\/HP-French.png.webp\" alt=\"\" class=\"img-fluid mb-3\" loading=\"lazy\" \/>\n                                                            <\/div>\n                        <\/div>\n                                            <\/div>\n                    <\/div>\n                                \n                        <div class=\"col-card border border-0 mx-4 col-md-12 col-lg-5 \" style=\"background-color: #f8f8f8;\">\n                                                <div class=\"card bg-transparent border-0\">\n                        <div class=\"front\">\n                            <div class=\"card-header px-0 bg-transparent border border-0\">\n                                <h5 class=\"card-title my-0 py-0\">Fiabilit\u00e9 et s\u00e9curit\u00e9<\/h5>\n                            <\/div>\n                            <div class=\"card-body px-0\">\n                                <p>Konek assure la s\u00e9curit\u00e9 des donn\u00e9es de vos clients en utilisant les protocoles d\u2019authentification et de consentement de paiement s\u00e9curis\u00e9s de leur institution financi\u00e8re. Les donn\u00e9es de paiement sensibles comme les num\u00e9ros de carte ou de compte sont remplac\u00e9es par des num\u00e9ros al\u00e9atoires par cr\u00e9ation de jetons, de sorte que seules les donn\u00e9es n\u00e9cessaires pour effectuer un achat sont \u00e9chang\u00e9es avec le commer\u00e7ant.<\/p>\n                                                                    <img decoding=\"async\" class=\"mx-auto d-block\" src=\"https:\/\/konek.ca\/wp-content\/smush-webp\/2025\/10\/69a362338985ff8ae4f30f628f2652648e6f933c.png.webp\" alt=\"\" class=\"img-fluid mb-3\" loading=\"lazy\" \/>\n                                                            <\/div>\n                        <\/div>\n                                            <\/div>\n                    <\/div>\n                                    <\/div>\n                    \n    <\/div>\n<\/section>\n\n\n<section id=\"cta\" class=\"container cta-block\" style=\"background-color: #0f1019; padding-top:0px; padding-bottom:50px; margin-bottom:50px; margin-top:0px\">\n    <div class=\"row d-flex flex-column justify-content-center text-center\">\n        <div class=\"col-md-4 mx-auto mb-5 k-fadeup\">\n                    <img decoding=\"async\" src=\"https:\/\/konek.ca\/wp-content\/uploads\/2025\/10\/Choose-how-you-want-to-pay-_FR-e1761671837584.png\" alt=\"\" class=\"img-fluid\" loading=\"lazy\" \/>\n                <\/div>\n        <div class=\"col k-fadeup\">\n                    <h2 class=\"pb-2 cta-title\">Choisissez comment vous souhaitez payer<\/h2>\n                            <div class=\"fw-light fs-5 cta-copy col-md-4 mx-auto\"><p>Apr\u00e8s votre premi\u00e8re inscription, vous pouvez effectuer votre paiement en un seul clic.<\/p>\n<\/div>\n                            <a href=\"https:\/\/content.interac.ca\/Konek-ensavoirplus-business\" class=\"btn btn-secondary mt-4 py-2\" aria-label=\"\">Contactez-nous<\/a>\n                <\/div>\n    <\/div>\n<\/section>\n\n\n<section id=\"ecrm-cta\" class=\"ecrm-cta-block\" style=\"background-color: #fafafa; padding-top:0px; padding-bottom:0px; margin-bottom:0px; margin-top:0px\">\n    <div class=\"container-fluid d-flex justify-content-center align-items-center\">\n        <div class=\"row py-5\">\n            <div class=\"col-12 col-md\">\n                <h4>Pour en savoir plus sur Konek.<br \/>Abonnez-vous \u00e0 notre newsletter.<\/h4>\n                                    <p>Envie d\u2019\u00eatre parmi les premiers \u00e0 recevoir les actualit\u00e9s de Konek? Inscrivez-vous \u00e0 notre newsletter pour tout savoir en avant-premi\u00e8re.<\/p>\n                            <\/div>\n\n            <div class=\"col-12 col-md-4 d-flex justify-content-center align-items-center\">\n                <a class=\"btn btn-primary mt-4 p-3\" href=\"https:\/\/content.interac.ca\/Konek-ensavoirplus-consumer\" target=\"_blank\">En savoir plus<\/a>\n            <\/div>\n        <\/div>\n    <\/div>\n<\/section>\n\n\n<section id=\"accordion\" class=\"accordion-block\">\n<div class=\"container py-5\">\n        <div class=\"row d-flex justify-content-center  align-items-start\">\n            \n            <div class=\"col\">\n                <h2 class=\"fw-bold fs-1 pb-3\">FAQs<\/h2>\n                <a href=\"\/fr\/soutien\">Tout afficher pour plus d&rsquo;assistance<\/a>            <\/div>\n            \n            <div class=\"col-lg-8\">\n                        <div class=\"accordion accordion-flush\">\n                                    <div class=\"col-12 accordion-item mt-4 rounded-2\">\n\n                    <h3 class=\"accordion-header\">\n                        <button class=\"accordion-button collapsed bg-transparent\" type=\"button\" data-bs-toggle=\"collapse\" data-bs-target=\"#accordion-block-collaps-1\" aria-expanded=\"false\" aria-controls=\"accordion-block-collaps-1\">\n                        Je suis un commer\u00e7ant et j\u2019ai une boutique \u00e9lectronique. Avec qui dois-je communiquer si je veux offrir Konek?                        <\/button>\n                    <\/h3>\n\n                    <div id=\"accordion-block-collaps-1\" class=\"accordion-collapse collapse px-0 py-0 container\">\n                        <div class=\"accordion-body row px-0\">\n                            <p>Vous pouvez soumettre ce <a href=\"https:\/\/content.interac.ca\/Konek-ensavoirplus-business\" target=\"_blank\" rel=\"noopener\">formulaire<\/a> pour contacter un membre de notre \u00e9quipe Konek pour voir si Konek convient \u00e0 votre entreprise.<\/p>\n                        <\/div>\n                    <\/div>\n                <\/div> \n                                    <div class=\"col-12 accordion-item mt-4 rounded-2\">\n\n                    <h3 class=\"accordion-header\">\n                        <button class=\"accordion-button collapsed bg-transparent\" type=\"button\" data-bs-toggle=\"collapse\" data-bs-target=\"#accordion-block-collaps-2\" aria-expanded=\"false\" aria-controls=\"accordion-block-collaps-2\">\n                        L\u2019utilisation de Konek a-t-elle une incidence sur ma politique de remboursement?                        <\/button>\n                    <\/h3>\n\n                    <div id=\"accordion-block-collaps-2\" class=\"accordion-collapse collapse px-0 py-0 container\">\n                        <div class=\"accordion-body row px-0\">\n                            <p>Non. Vous seul d\u00e9terminez et g\u00e9rez votre politique de remboursement.<\/p>\n                        <\/div>\n                    <\/div>\n                <\/div> \n                                    <div class=\"col-12 accordion-item mt-4 rounded-2\">\n\n                    <h3 class=\"accordion-header\">\n                        <button class=\"accordion-button collapsed bg-transparent\" type=\"button\" data-bs-toggle=\"collapse\" data-bs-target=\"#accordion-block-collaps-3\" aria-expanded=\"false\" aria-controls=\"accordion-block-collaps-3\">\n                        Avec qui dois-je communiquer si j\u2019ai des questions au sujet de Konek ou de quelque chose qui y est li\u00e9?                        <\/button>\n                    <\/h3>\n\n                    <div id=\"accordion-block-collaps-3\" class=\"accordion-collapse collapse px-0 py-0 container\">\n                        <div class=\"accordion-body row px-0\">\n                            <p>Pour toute question ou aide li\u00e9e \u00e0 Konek, votre acqu\u00e9reur est votre premier point de contact. Pour toute transmission \u00e0 un niveau sup\u00e9rieur, votre acqu\u00e9reur communiquera avec Interac.<\/p>\n                        <\/div>\n                    <\/div>\n                <\/div> \n                                    <div class=\"col-12 accordion-item mt-4 rounded-2\">\n\n                    <h3 class=\"accordion-header\">\n                        <button class=\"accordion-button collapsed bg-transparent\" type=\"button\" data-bs-toggle=\"collapse\" data-bs-target=\"#accordion-block-collaps-4\" aria-expanded=\"false\" aria-controls=\"accordion-block-collaps-4\">\n                        Que dois-je faire si Konek n\u2019est plus disponible?                        <\/button>\n                    <\/h3>\n\n                    <div id=\"accordion-block-collaps-4\" class=\"accordion-collapse collapse px-0 py-0 container\">\n                        <div class=\"accordion-body row px-0\">\n                            <p>Si Konek n\u2019est plus disponible, communiquez avec votre acqu\u00e9reur. Les activit\u00e9s d\u2019entretien et les changements d\u00e9coulant des activit\u00e9s du projet et des mises \u00e0 niveau des fournisseurs sont planifi\u00e9s de fa\u00e7on \u00e0 r\u00e9duire au minimum les perturbations pour votre entreprise.<\/p>\n                        <\/div>\n                    <\/div>\n                <\/div> \n                            <\/div>\n                        \n        <\/div>\n    <\/div>\n<\/section>","protected":false},"excerpt":{"rendered":"","protected":false},"author":1,"featured_media":0,"parent":0,"menu_order":0,"comment_status":"closed","ping_status":"closed","template":"page-merchants.blade.php","meta":{"_acf_changed":true,"footnotes":""},"class_list":["post-254","page","type-page","status-publish","hentry"],"acf":[],"yoast_head":"<!-- This site is optimized with the Yoast SEO Premium plugin v26.5 (Yoast SEO v27.5) - https:\/\/yoast.com\/product\/yoast-seo-premium-wordpress\/ -->\n<title>Commer\u00e7ants - Konek<\/title>\n<meta name=\"description\" content=\"Collaborez avec Konek pour offrir des paiements simples et s\u00e9curis\u00e9s \u00e0 vos clients.\" \/>\n<meta name=\"robots\" content=\"index, follow, max-snippet:-1, max-image-preview:large, max-video-preview:-1\" \/>\n<link rel=\"canonical\" href=\"https:\/\/konek.ca\/fr\/commercants\/\" \/>\n<meta property=\"og:locale\" content=\"fr_CA\" \/>\n<meta property=\"og:type\" content=\"article\" \/>\n<meta property=\"og:title\" content=\"Commer\u00e7ants\" \/>\n<meta property=\"og:description\" content=\"Collaborez avec Konek pour offrir des paiements simples et s\u00e9curis\u00e9s \u00e0 vos clients.\" \/>\n<meta property=\"og:url\" content=\"https:\/\/konek.ca\/fr\/commercants\/\" \/>\n<meta property=\"og:site_name\" content=\"Konek\" \/>\n<meta property=\"article:publisher\" content=\"https:\/\/www.facebook.com\/PayWithKONEK\/\" \/>\n<meta property=\"article:modified_time\" content=\"2026-04-01T14:12:35+00:00\" \/>\n<meta property=\"og:image\" content=\"https:\/\/konek.ca\/wp-content\/uploads\/2026\/04\/site_image_1200x675.jpg\" \/>\n\t<meta property=\"og:image:width\" content=\"1200\" \/>\n\t<meta property=\"og:image:height\" content=\"675\" \/>\n\t<meta property=\"og:image:type\" content=\"image\/jpeg\" \/>\n<meta name=\"twitter:card\" content=\"summary_large_image\" \/>\n<script type=\"application\/ld+json\" class=\"yoast-schema-graph\">{\"@context\":\"https:\\\/\\\/schema.org\",\"@graph\":[{\"@type\":\"WebPage\",\"@id\":\"https:\\\/\\\/konek.ca\\\/fr\\\/commercants\\\/\",\"url\":\"https:\\\/\\\/konek.ca\\\/fr\\\/commercants\\\/\",\"name\":\"Commer\u00e7ants - Konek\",\"isPartOf\":{\"@id\":\"https:\\\/\\\/konek.ca\\\/fr\\\/#website\"},\"datePublished\":\"2023-07-19T13:12:49+00:00\",\"dateModified\":\"2026-04-01T14:12:35+00:00\",\"description\":\"Collaborez avec Konek pour offrir des paiements simples et s\u00e9curis\u00e9s \u00e0 vos clients.\",\"breadcrumb\":{\"@id\":\"https:\\\/\\\/konek.ca\\\/fr\\\/commercants\\\/#breadcrumb\"},\"inLanguage\":\"fr-CA\",\"potentialAction\":[{\"@type\":\"ReadAction\",\"target\":[\"https:\\\/\\\/konek.ca\\\/fr\\\/commercants\\\/\"]}]},{\"@type\":\"BreadcrumbList\",\"@id\":\"https:\\\/\\\/konek.ca\\\/fr\\\/commercants\\\/#breadcrumb\",\"itemListElement\":[{\"@type\":\"ListItem\",\"position\":1,\"name\":\"Home\",\"item\":\"https:\\\/\\\/konek.ca\\\/fr\\\/\"},{\"@type\":\"ListItem\",\"position\":2,\"name\":\"Commer\u00e7ants\"}]},{\"@type\":\"WebSite\",\"@id\":\"https:\\\/\\\/konek.ca\\\/fr\\\/#website\",\"url\":\"https:\\\/\\\/konek.ca\\\/fr\\\/\",\"name\":\"Konek\",\"description\":\"Canada\u2019s way to pay.\",\"publisher\":{\"@id\":\"https:\\\/\\\/konek.ca\\\/fr\\\/#organization\"},\"potentialAction\":[{\"@type\":\"SearchAction\",\"target\":{\"@type\":\"EntryPoint\",\"urlTemplate\":\"https:\\\/\\\/konek.ca\\\/fr\\\/?s={search_term_string}\"},\"query-input\":{\"@type\":\"PropertyValueSpecification\",\"valueRequired\":true,\"valueName\":\"search_term_string\"}}],\"inLanguage\":\"fr-CA\"},{\"@type\":\"Organization\",\"@id\":\"https:\\\/\\\/konek.ca\\\/fr\\\/#organization\",\"name\":\"Konek\",\"url\":\"https:\\\/\\\/konek.ca\\\/fr\\\/\",\"logo\":{\"@type\":\"ImageObject\",\"inLanguage\":\"fr-CA\",\"@id\":\"https:\\\/\\\/konek.ca\\\/fr\\\/#\\\/schema\\\/logo\\\/image\\\/\",\"url\":\"https:\\\/\\\/konek.ca\\\/wp-content\\\/uploads\\\/2026\\\/04\\\/Profile_Image_696x696.png\",\"contentUrl\":\"https:\\\/\\\/konek.ca\\\/wp-content\\\/uploads\\\/2026\\\/04\\\/Profile_Image_696x696.png\",\"width\":696,\"height\":696,\"caption\":\"Konek\"},\"image\":{\"@id\":\"https:\\\/\\\/konek.ca\\\/fr\\\/#\\\/schema\\\/logo\\\/image\\\/\"},\"sameAs\":[\"https:\\\/\\\/www.facebook.com\\\/PayWithKONEK\\\/\",\"https:\\\/\\\/www.tiktok.com\\\/@paywithkonek?lang=en\",\"https:\\\/\\\/www.instagram.com\\\/paywithkonek\\\/\",\"https:\\\/\\\/www.linkedin.com\\\/company\\\/paywithkonek\\\/about\\\/?viewAsMember=true\",\"https:\\\/\\\/www.youtube.com\\\/@PayWithKONEK\"]}]}<\/script>\n<!-- \/ Yoast SEO Premium plugin. -->","yoast_head_json":{"title":"Commer\u00e7ants - Konek","description":"Collaborez avec Konek pour offrir des paiements simples et s\u00e9curis\u00e9s \u00e0 vos clients.","robots":{"index":"index","follow":"follow","max-snippet":"max-snippet:-1","max-image-preview":"max-image-preview:large","max-video-preview":"max-video-preview:-1"},"canonical":"https:\/\/konek.ca\/fr\/commercants\/","og_locale":"fr_CA","og_type":"article","og_title":"Commer\u00e7ants","og_description":"Collaborez avec Konek pour offrir des paiements simples et s\u00e9curis\u00e9s \u00e0 vos clients.","og_url":"https:\/\/konek.ca\/fr\/commercants\/","og_site_name":"Konek","article_publisher":"https:\/\/www.facebook.com\/PayWithKONEK\/","article_modified_time":"2026-04-01T14:12:35+00:00","og_image":[{"width":1200,"height":675,"url":"https:\/\/konek.ca\/wp-content\/uploads\/2026\/04\/site_image_1200x675.jpg","type":"image\/jpeg"}],"twitter_card":"summary_large_image","schema":{"@context":"https:\/\/schema.org","@graph":[{"@type":"WebPage","@id":"https:\/\/konek.ca\/fr\/commercants\/","url":"https:\/\/konek.ca\/fr\/commercants\/","name":"Commer\u00e7ants - Konek","isPartOf":{"@id":"https:\/\/konek.ca\/fr\/#website"},"datePublished":"2023-07-19T13:12:49+00:00","dateModified":"2026-04-01T14:12:35+00:00","description":"Collaborez avec Konek pour offrir des paiements simples et s\u00e9curis\u00e9s \u00e0 vos clients.","breadcrumb":{"@id":"https:\/\/konek.ca\/fr\/commercants\/#breadcrumb"},"inLanguage":"fr-CA","potentialAction":[{"@type":"ReadAction","target":["https:\/\/konek.ca\/fr\/commercants\/"]}]},{"@type":"BreadcrumbList","@id":"https:\/\/konek.ca\/fr\/commercants\/#breadcrumb","itemListElement":[{"@type":"ListItem","position":1,"name":"Home","item":"https:\/\/konek.ca\/fr\/"},{"@type":"ListItem","position":2,"name":"Commer\u00e7ants"}]},{"@type":"WebSite","@id":"https:\/\/konek.ca\/fr\/#website","url":"https:\/\/konek.ca\/fr\/","name":"Konek","description":"Canada\u2019s way to pay.","publisher":{"@id":"https:\/\/konek.ca\/fr\/#organization"},"potentialAction":[{"@type":"SearchAction","target":{"@type":"EntryPoint","urlTemplate":"https:\/\/konek.ca\/fr\/?s={search_term_string}"},"query-input":{"@type":"PropertyValueSpecification","valueRequired":true,"valueName":"search_term_string"}}],"inLanguage":"fr-CA"},{"@type":"Organization","@id":"https:\/\/konek.ca\/fr\/#organization","name":"Konek","url":"https:\/\/konek.ca\/fr\/","logo":{"@type":"ImageObject","inLanguage":"fr-CA","@id":"https:\/\/konek.ca\/fr\/#\/schema\/logo\/image\/","url":"https:\/\/konek.ca\/wp-content\/uploads\/2026\/04\/Profile_Image_696x696.png","contentUrl":"https:\/\/konek.ca\/wp-content\/uploads\/2026\/04\/Profile_Image_696x696.png","width":696,"height":696,"caption":"Konek"},"image":{"@id":"https:\/\/konek.ca\/fr\/#\/schema\/logo\/image\/"},"sameAs":["https:\/\/www.facebook.com\/PayWithKONEK\/","https:\/\/www.tiktok.com\/@paywithkonek?lang=en","https:\/\/www.instagram.com\/paywithkonek\/","https:\/\/www.linkedin.com\/company\/paywithkonek\/about\/?viewAsMember=true","https:\/\/www.youtube.com\/@PayWithKONEK"]}]}},"_links":{"self":[{"href":"https:\/\/konek.ca\/fr\/wp-json\/wp\/v2\/pages\/254","targetHints":{"allow":["GET"]}}],"collection":[{"href":"https:\/\/konek.ca\/fr\/wp-json\/wp\/v2\/pages"}],"about":[{"href":"https:\/\/konek.ca\/fr\/wp-json\/wp\/v2\/types\/page"}],"author":[{"embeddable":true,"href":"https:\/\/konek.ca\/fr\/wp-json\/wp\/v2\/users\/1"}],"replies":[{"embeddable":true,"href":"https:\/\/konek.ca\/fr\/wp-json\/wp\/v2\/comments?post=254"}],"version-history":[{"count":0,"href":"https:\/\/konek.ca\/fr\/wp-json\/wp\/v2\/pages\/254\/revisions"}],"wp:attachment":[{"href":"https:\/\/konek.ca\/fr\/wp-json\/wp\/v2\/media?parent=254"}],"curies":[{"name":"wp","href":"https:\/\/api.w.org\/{rel}","templated":true}]}}