{"id":2568,"date":"2024-10-18T12:09:22","date_gmt":"2024-10-18T16:09:22","guid":{"rendered":"https:\/\/konekcastg.wpengine.com\/?page_id=2568"},"modified":"2026-04-01T10:23:08","modified_gmt":"2026-04-01T14:23:08","slug":"politique-en-matiere-de-cookies-de-konek","status":"publish","type":"page","link":"https:\/\/konek.ca\/fr\/politique-en-matiere-de-cookies-de-konek\/","title":{"rendered":"Politique en mati\u00e8re de cookies de Konek"},"content":{"rendered":"\n<section id=\"hero\" class=\"hero-block\" style=\"background-color: ; padding-top:100px; padding-bottom:0px; margin-bottom:0px; margin-top:0px\">\n    <div class=\"container pt-5 py-md-5\">\n        \n                <div class=\"row d-flex justify-content-center align-items-center\">\n            <div class=\"col col-md-8\">\n                            <h1>Politique en mati\u00e8re de cookies de Konek<\/h1>\n                                                <\/div>\n            \n            <\/div>\n                \n    <\/div>\n<\/section>\n\n\n<h2 class=\"wp-block-heading\" id=\"h-introduction\"><strong>Introduction<\/strong><\/h2>\n\n\n\n<p>La pr\u00e9sente Politique en mati\u00e8re de cookies a pour but de vous informer sur la fa\u00e7on dont Interac Corp. (\u00ab <strong>Interac <\/strong>\u00bb, ou \u00ab <strong>nous <\/strong>\u00bb, \u00ab <strong>notre <\/strong>\u00bb et autres termes similaires) utilise les cookies lorsque vous utilisez notre service Konek et les sites associ\u00e9s (\u00ab <strong>Sites <\/strong>\u00bb), ainsi que sur leurs objectifs, et sur la fa\u00e7on dont vous pouvez les contr\u00f4ler, s&rsquo;il y a lieu. Les cookies nous permettent de collecter des informations sur vous et votre utilisation de nos Sites \u00e0 des fins de v\u00e9rification d&rsquo;identit\u00e9, d&rsquo;authentification, de pr\u00e9vention de la fraude et d&rsquo;analyse des donn\u00e9es. Vous pouvez g\u00e9rer notre utilisation de cookies non essentiels en utilisant l&rsquo;outil de gestion des cookies. Pour plus d&rsquo;informations sur la mani\u00e8re dont nous traitons les informations personnelles collect\u00e9es par les cookies et les technologies de suivi du web, veuillez \u00e9galement consulter notre <a href=\"https:\/\/konek.ca\/fr\/avis-de-confidentialite\/\" data-type=\"page\" data-id=\"259\">Politique de confidentialit\u00e9.<\/a><\/p>\n\n\n\n<p>Notez que nous utilisons \u00e9galement d&rsquo;autres technologies telles que les pixels, les balises web et les empreintes digitales des appareils aux fins susmentionn\u00e9es.<\/p>\n\n\n\n<p><strong>Qu&rsquo;est-ce qu&rsquo;un cookie ?<\/strong><\/p>\n\n\n\n<p>Un cookie est un petit fichier transmis par un site web \u00e0 l&rsquo;ordinateur ou \u00e0 l&rsquo;appareil mobile d&rsquo;un utilisateur final. Le cookie est utilis\u00e9 pour enregistrer des informations sur l&rsquo;interaction entre votre ordinateur ou votre appareil mobile et le site web que vous visitez. Le fichier cookie est automatiquement stock\u00e9 par votre navigateur (par exemple, Google, Safari, Internet Explorer ou Firefox) sur le disque dur local et peut \u00eatre r\u00e9cup\u00e9r\u00e9 ult\u00e9rieurement par le site web. Les cookies sont \u00e9galement utilis\u00e9s pour garder une trace de vos pr\u00e9f\u00e9rences et des travaux en cours (tels que les articles d&rsquo;un panier d&rsquo;achat en ligne). Pour en savoir plus sur les cookies et le suivi du Web, consultez le site du <a href=\"https:\/\/www.priv.gc.ca\/fr\/sujets-lies-a-la-protection-de-la-vie-privee\/technologie\/protection-de-la-vie-privee-en-ligne-surveillance-et-temoins\/temoins\/02_05_d_49\/\">Commissariat \u00e0 la protection de la vie priv\u00e9e du Canada.<\/a> Nous utilisons des t\u00e9moins et d&rsquo;autres technologies similaires cr\u00e9\u00e9es et mises en \u0153uvre par Interac et par des fournisseurs de services tiers. Les technologies que nous utilisons sur nos Sites et les fins auxquelles elles sont utilis\u00e9es sont \u00e9num\u00e9r\u00e9es dans les sections ci-dessous.<\/p>\n\n\n\n<p><strong>Quels sont les cookies que nous utilisons et pourquoi ?<\/strong><\/p>\n\n\n\n<p>1. <strong>Cookies essentiels<\/strong><\/p>\n\n\n\n<p>Ces cookies sont essentiels \u00e0 la fonctionnalit\u00e9 de notre site afin d&rsquo;activer les fonctions de base du site (y compris le stockage de l&rsquo;\u00e9tat de connexion de l&rsquo;utilisateur, la v\u00e9rification de l&rsquo;identit\u00e9, l&rsquo;authentification, la pr\u00e9vention de la fraude et le stockage des param\u00e8tres de confidentialit\u00e9 choisis par l&rsquo;utilisateur). Les cookies essentiels ne recueillent pas d&rsquo;informations vous concernant qui pourraient \u00eatre utilis\u00e9es \u00e0 des fins de marketing et ne m\u00e9morisent pas vos informations de navigation sur Internet. \u00c9tant donn\u00e9 qu&rsquo;ils sont essentiels au fonctionnement de nos Sites, en utilisant nos Sites, vous acceptez leur utilisation aux fins susmentionn\u00e9es.<\/p>\n\n\n\n<p>Le tableau suivant pr\u00e9sente les cookies essentiels actuellement utilis\u00e9s sur nos Sites, qui peuvent \u00eatre mis \u00e0 jour de temps \u00e0 autre :<\/p>\n\n\n\n<p><strong>Cookies essentiels mis en place par nous<\/strong><p class=\"MsoNormal\" style=\"margin: 0cm 0cm 8pt; line-height: 15.6933px; font-size: 11pt; font-family: Calibri, sans-serif; white-space-collapse: collapse;\"><span style=\"font-family: &quot;Times New Roman&quot;, serif;\"><\/span><\/p><\/p>\n\n\n\n<figure class=\"wp-block-table\"><table class=\"has-fixed-layout\"><thead><tr><th><strong>Titre<\/strong><span style=\"font-weight: 400; text-align: start; white-space-collapse: collapse;\"><\/span><\/th><th><strong>Cat\u00e9gorie<\/strong><span style=\"font-weight: 400; text-align: start; white-space-collapse: collapse;\"><\/span><\/th><th><strong>Type<\/strong><span style=\"font-weight: 400; text-align: start; white-space-collapse: collapse;\"><\/span><\/th><th><strong>Description<\/strong><span style=\"font-weight: 400; text-align: start; white-space-collapse: collapse;\"><\/span><\/th><\/tr><\/thead><tbody><tr><td>USER_JWS<\/td><td>essentiel<\/td><td>persistante<\/td><td>Il s&rsquo;agit d&rsquo;un jeton d&rsquo;utilisateur pour les dispositifs de confiance. Il nous permet d&rsquo;identifier l&rsquo;utilisateur, l&rsquo;appareil de confiance, de saisir le pr\u00e9nom et de savoir si l&rsquo;utilisateur a opt\u00e9 pour l&rsquo;authentification biom\u00e9trique ou non.<\/td><\/tr><tr><td>SKIP_WEBAUTHN_TRUST_COUNTER<\/td><td>essentiel<\/td><td>persistante<\/td><td>Cette information est utilis\u00e9e pour suivre le nombre de fois qu&rsquo;un utilisateur a ignor\u00e9 l&rsquo;option d&rsquo;activation de l&rsquo;authentification biom\u00e9trique, ce qui nous permet de g\u00e9rer le nombre d&rsquo;invites que nous envoyons \u00e0 votre dispositif de confiance.<\/td><\/tr><tr><td>PBB_UI_TOKEN<\/td><td>essentiel<\/td><td>session<\/td><td>Il s&rsquo;agit d&rsquo;un jeton d&rsquo;interface utilisateur utilis\u00e9 pour appeler les services de base de Konek.<\/td><\/tr><tr><td>ADRESSE_CHANG\u00c9E<\/td><td>essentiel<\/td><td>session<\/td><td>Il s&rsquo;agit d&rsquo;un drapeau indiquant que l&rsquo;adresse fournie par FI a \u00e9t\u00e9 mise \u00e0 jour dans le profil Konek.<\/td><\/tr><tr><td>OTC_VERIFIED<\/td><td>essentiel<\/td><td>session<\/td><td>Cela permet de s&rsquo;assurer que les demandes de code de passe \u00e0 usage unique sont limit\u00e9es \u00e0 une instance par session.<\/td><\/tr><tr><td>FORCE_SIGNOUT<\/td><td>essentiel<\/td><td>session<\/td><td>Cette fonction est utilis\u00e9e pour forcer la fin des sessions des utilisateurs si nous d\u00e9terminons qu&rsquo;il y a des erreurs ou des probl\u00e8mes critiques.<\/td><\/tr><tr><td>AUTH_METHOD<\/td><td>essentiel<\/td><td>session<\/td><td>Il s&rsquo;agit de la m\u00e9thode d&rsquo;authentification utilis\u00e9e par l&rsquo;utilisateur (par exemple, connexion FI, connexion FI partenaire, biom\u00e9trie).<\/td><\/tr><tr><td>D\u00c9TAILS_PERSONNELS<\/td><td>essentiel<\/td><td>session<\/td><td>Cette fonction permet de sauvegarder temporairement les donn\u00e9es personnelles de l&rsquo;utilisateur pendant qu&rsquo;il met \u00e0 jour son formulaire.<\/td><\/tr><tr><td>SET_DEVICE_VISITED<\/td><td>essentiel<\/td><td>session<\/td><td>Cela permet de s&rsquo;assurer que les utilisateurs ne sont invit\u00e9s \u00e0 activer l&rsquo;authentification biom\u00e9trique qu&rsquo;une seule fois au cours d&rsquo;une session donn\u00e9e.<\/td><\/tr><tr><td>ACCEPT_COOKIES<\/td><td>essentiel<\/td><td>session<\/td><td>Il est utilis\u00e9 pour suivre les pr\u00e9f\u00e9rences de l&rsquo;utilisateur en mati\u00e8re de cookies.<\/td><\/tr><tr><td>DEVICE_ID<\/td><td>essentiel<\/td><td>session<\/td><td>Il s&rsquo;agit d&rsquo;un identifiant unique pour chaque appareil et navigateur, qui permet de fournir l&rsquo;exp\u00e9rience voulue et correcte (par exemple, flux d&rsquo;utilisateurs de confiance ou non).<\/td><\/tr><tr><td>WEBAUTHNTRUSTED<\/td><td>essentiel<\/td><td>session<\/td><td>Cela nous permet de d\u00e9terminer si les utilisateurs disposent d&rsquo;un appareil de confiance ou non, et de leur fournir une exp\u00e9rience correcte en fonction de cette d\u00e9termination.<\/td><\/tr><tr><td>CORRELATIONID<\/td><td>essentiel<\/td><td>session<\/td><td>Il s&rsquo;agit d&rsquo;un identifiant de session unique g\u00e9n\u00e9r\u00e9 pour la trousse de d\u00e9veloppement de logiciel (\u00ab <strong>SDK<\/strong> \u00bb) de paiement. Il est utilis\u00e9 pour trier, identifier et se r\u00e9f\u00e9rer aux journaux li\u00e9s \u00e0 un groupe d&rsquo;informations critiques associ\u00e9es \u00e0 une session de paiement particuli\u00e8re et exploit\u00e9es pour le d\u00e9bogage et l&rsquo;identification et la r\u00e9solution de probl\u00e8mes.<\/td><\/tr><tr><td>TMX_SESSION_ID<\/td><td>essentiel<\/td><td>session<\/td><td>Il s&rsquo;agit d&rsquo;un cookie tiers qui enregistre un identifiant afin de nous permettre d&rsquo;identifier une session sp\u00e9cifique. Cet identifiant de session est fourni par ThreatMetrix. Voir \u00ab Cookies essentiels mis en place par nos fournisseurs de services tiers \u00bb ci-dessous.<\/td><\/tr><tr><td>TEMP_EMAIL<\/td><td>essentiel<\/td><td>session<\/td><td>Cela nous permet de vous pr\u00e9senter une exp\u00e9rience avant que votre compte et votre profil ne soient enregistr\u00e9s et approuv\u00e9s par l&rsquo;institution financi\u00e8re. Ceci est sp\u00e9cifique aux utilisateurs r\u00e9currents qui se connectent sur un appareil de confiance en utilisant une adresse e-mail.<\/td><\/tr><tr><td>OIDCCODE<\/td><td>essentiel<\/td><td>session<\/td><td>Cela nous permet d&rsquo;optimiser la mani\u00e8re dont les erreurs sont affich\u00e9es pour les utilisateurs de Konek, notamment lorsqu&rsquo;une erreur est rencontr\u00e9e lors d&rsquo;une tentative de connexion par l&rsquo;interm\u00e9diaire d&rsquo;une institution financi\u00e8re.<\/td><\/tr><tr><td>MERCHANT<\/td><td>essentiel<\/td><td>session<\/td><td>Ceci est essentiel pour le processus de paiement. Nous devons conna\u00eetre l&rsquo;URL du commer\u00e7ant pour que Konek puisse communiquer avec le SDK du commer\u00e7ant.<\/td><\/tr><tr><td>USER<\/td><td>essentiel<\/td><td>session<\/td><td>Donn\u00e9es temporaires sur l&rsquo;utilisateur synchronis\u00e9es avec la m\u00e9moire afin d&rsquo;\u00e9viter des appels suppl\u00e9mentaires lors de l&rsquo;actualisation du navigateur au cours de la m\u00eame session.<\/td><\/tr><tr><td>CHECKOUT<\/td><td>essentiel<\/td><td>session<\/td><td>Donn\u00e9es temporaires relatives au passage en caisse synchronis\u00e9es avec la m\u00e9moire afin d&rsquo;\u00e9viter des appels suppl\u00e9mentaires lors de l&rsquo;actualisation du navigateur au cours de la m\u00eame session.<\/td><\/tr><tr><td>ACCEPT_NONESSENTIAL<\/td><td>essentiel<\/td><td>session<\/td><td>Stocke la pr\u00e9f\u00e9rence de l&rsquo;utilisateur pour les cookies non essentiels.<\/td><\/tr><\/tbody><\/table><\/figure>\n\n\n\n<p>Nous utilisons Google Tag Manager pour mettre \u00e0 jour rapidement les balises sur nos Sites afin de faciliter l&rsquo;installation de Google Analytics. Google Tag Manager ne cr\u00e9e pas de cookies. Il s&rsquo;agit d&rsquo;un outil essentiel au bon fonctionnement de nos Sites et il ne peut donc pas \u00eatre d\u00e9sactiv\u00e9. <a href=\"https:\/\/support.google.com\/tagmanager\/answer\/6102821?hl=en\" target=\"_blank\" rel=\"noreferrer noopener\">En savoir plus sur Google Tag Manager<\/a>.<a id=\"_msocom_1\"><\/a><\/p>\n\n\n\n<p><strong>Cookies essentiels mis en place par nos prestataires de services tiers<\/strong><\/p>\n\n\n\n<figure class=\"wp-block-table\"><table class=\"has-fixed-layout\"><thead><tr><th><strong>Titre<\/strong><span style=\"font-weight: 400; text-align: start; white-space-collapse: collapse;\"><\/span><\/th><th><strong>Cat\u00e9gorie<\/strong><span style=\"font-weight: 400; text-align: start; white-space-collapse: collapse;\"><\/span><\/th><th><strong>Type<\/strong><span style=\"font-weight: 400; text-align: start; white-space-collapse: collapse;\"><\/span><\/th><th><strong>Description<\/strong><span style=\"font-weight: 400; text-align: start; white-space-collapse: collapse;\"><\/span><\/th><\/tr><\/thead><tbody><tr><td>BindId (Webauthn)<\/td><td>essentiel<\/td><td>session<\/td><td>Utilis\u00e9 par BindID pour l&rsquo;authentification biom\u00e9trique et l&rsquo;enregistrement.<\/td><\/tr><tr><td>ThreatMetrix<\/td><td>essentiel<\/td><td>session<\/td><td>Utilis\u00e9 par ThreatMetrix pour le profilage des appareils des utilisateurs et la pr\u00e9vention des fraudes.<\/td><\/tr><\/tbody><\/table><\/figure>\n\n\n\n<p>2. <strong>Cookies non essentiels<\/strong><p class=\"MsoListParagraph\" style=\"margin: 0cm 0cm 8pt 36pt; line-height: 15.5467px; font-size: 11pt; font-family: Calibri, sans-serif; white-space-collapse: collapse; text-indent: -18pt;\"><b><span style=\"font-family: &quot;Times New Roman&quot;, serif;\"><\/span><\/b><\/p><\/p>\n\n\n\n<p>Nous utilisons des outils de reporting et d&rsquo;analyse pour collecter des informations sur la mani\u00e8re dont les visiteurs utilisent nos Sites. Ces cookies non essentiels nous fournissent des donn\u00e9es anonymes et agr\u00e9g\u00e9es.&nbsp; Le tableau suivant pr\u00e9sente les cookies de reporting et d&rsquo;analyse actuellement utilis\u00e9s sur nos Sites et qui peuvent \u00eatre mis \u00e0 jour de temps \u00e0 autre.<\/p>\n\n\n\n<p><a id=\"_msocom_1\"><\/a><\/p>\n\n\n\n<figure class=\"wp-block-table\"><table class=\"has-fixed-layout\"><tbody><tr><td class=\"has-text-align-left\" data-align=\"left\"><strong>Title<\/strong><\/td><td class=\"has-text-align-left\" data-align=\"left\"><strong>Cat\u00e9gorie<\/strong><span style=\"white-space-collapse: collapse;\"><\/span><\/td><td class=\"has-text-align-left\" data-align=\"left\"><strong>Type<\/strong><\/td><td><strong>Description<\/strong><\/td><\/tr><tr><td class=\"has-text-align-left\" data-align=\"left\">Google Analytics<\/td><td class=\"has-text-align-left\" data-align=\"left\">analyse<\/td><td class=\"has-text-align-left\" data-align=\"left\">persistant<\/td><td>Google Analytics est utilis\u00e9 pour suivre et d\u00e9terminer comment les visiteurs interagissent avec nos Sites.<\/td><\/tr><\/tbody><\/table><\/figure>\n\n\n\n<h2 class=\"wp-block-heading\" id=\"h-comment-les-utilisateurs-peuvent-ils-controler-et-supprimer-les-cookies\"><strong>Comment les utilisateurs peuvent-ils contr\u00f4ler et supprimer les cookies ?<\/strong><\/h2>\n\n\n\n<p><strong>Banni\u00e8re de consentement aux cookies sur nos Sites<\/strong><\/p>\n\n\n\n<p>Lorsque vous acc\u00e9dez \u00e0 nos Sites, notre Banni\u00e8re de consentement aux cookies s&rsquo;affiche et vous pouvez choisir d&rsquo;accepter tous les cookies. Vous pouvez \u00e9galement choisir de \u00ab G\u00e9rer \u00bb les cookies et acc\u00e9der \u00e0 notre outil de gestion des cookies o\u00f9 vous pouvez g\u00e9rer notre utilisation des cookies non essentiels en cochant ou d\u00e9cochant la case correspondante. Lorsque vous choisissez d&rsquo;activer les cookies non essentiels, vous acceptez tous les futurs cookies non essentiels, les mises \u00e0 jour et les mises \u00e0 niveau que nous effectuons de temps \u00e0 autre. Si vous choisissez de ne pas autoriser les cookies non essentiels, cela peut avoir un effet sur votre exp\u00e9rience de navigation. Sachez que vous pouvez d\u00e9sactiver les cookies non essentiels \u00e0 tout moment. La Banni\u00e8re de consentement aux cookies s&rsquo;affiche lorsque (i) votre appareil acc\u00e8de \u00e0 nos Sites pour la premi\u00e8re fois ou (ii) votre appareil acc\u00e8de \u00e0 nos Sites pour la premi\u00e8re fois apr\u00e8s avoir supprim\u00e9 les cookies dans votre navigateur. Vous pouvez acc\u00e9der \u00e0 la Banni\u00e8re de consentement aux cookies, \u00e0 l&rsquo;outil de gestion des cookies et \u00e0 la Politique en mati\u00e8re de cookies en cliquant sur le lien \u00ab Politique de confidentialit\u00e9 \u00bb au bas de chaque page de nos Sites. Veuillez noter que si vous utilisez un appareil partag\u00e9, il se peut que vous deviez supprimer les cookies dans votre navigateur pour que la Banni\u00e8re de consentement aux cookies apparaisse. Vous ne pouvez pas refuser de consentir \u00e0 l&rsquo;utilisation de cookies essentiels (\u00e9num\u00e9r\u00e9s dans le tableau ci-dessus) qui sont utilis\u00e9s pour assurer la fonctionnalit\u00e9 et\/ou la maintenance de nos Sites.<\/p>\n\n\n\n<p><strong>Param\u00e8tres de votre navigateur<\/strong><\/p>\n\n\n\n<p>Gr\u00e2ce \u00e0 certains param\u00e8tres de votre navigateur web, vous pouvez avoir la possibilit\u00e9 de d\u00e9sactiver les cookies et les technologies afin de contr\u00f4ler le suivi de vos activit\u00e9s en ligne. Veuillez toutefois noter que la d\u00e9sactivation d&rsquo;un cookie ou d&rsquo;une cat\u00e9gorie de cookies peut emp\u00eacher l&rsquo;affichage correct de la Banni\u00e8re de consentement aux cookies et ne peut pas supprimer un cookie ou une cat\u00e9gorie de cookies existants de votre navigateur, \u00e0 moins qu&rsquo;ils ne soient supprim\u00e9s manuellement par le biais de la fonction de votre navigateur.<\/p>\n","protected":false},"excerpt":{"rendered":"<p>Introduction La pr\u00e9sente Politique en mati\u00e8re de cookies a pour but de vous informer sur la fa\u00e7on dont Interac Corp. (\u00ab Interac \u00bb, ou \u00ab nous \u00bb, \u00ab notre \u00bb et autres termes similaires) utilise les cookies lorsque vous utilisez notre service Konek et les sites associ\u00e9s (\u00ab Sites \u00bb), ainsi que sur leurs objectifs, &hellip; <a href=\"https:\/\/konek.ca\/fr\/politique-en-matiere-de-cookies-de-konek\/\">Continued<\/a><\/p>\n","protected":false},"author":1,"featured_media":0,"parent":0,"menu_order":0,"comment_status":"closed","ping_status":"closed","template":"","meta":{"_acf_changed":true,"footnotes":""},"class_list":["post-2568","page","type-page","status-publish","hentry"],"acf":[],"yoast_head":"<!-- This site is optimized with the Yoast SEO Premium plugin v26.5 (Yoast SEO v27.4) - https:\/\/yoast.com\/product\/yoast-seo-premium-wordpress\/ -->\n<title>Politique en mati\u00e8re de cookies de Konek - Konek<\/title>\n<meta name=\"description\" content=\"D\u00e9couvrez comment Konek utilise les cookies pour am\u00e9liorer votre exp\u00e9rience.\" \/>\n<meta name=\"robots\" content=\"index, follow, max-snippet:-1, max-image-preview:large, max-video-preview:-1\" \/>\n<link rel=\"canonical\" href=\"https:\/\/konek.ca\/fr\/politique-en-matiere-de-cookies-de-konek\/\" \/>\n<meta property=\"og:locale\" content=\"fr_CA\" \/>\n<meta property=\"og:type\" content=\"article\" \/>\n<meta property=\"og:title\" content=\"Politique en mati\u00e8re de cookies de Konek\" \/>\n<meta property=\"og:description\" content=\"D\u00e9couvrez comment Konek utilise les cookies pour am\u00e9liorer votre exp\u00e9rience.\" \/>\n<meta property=\"og:url\" content=\"https:\/\/konek.ca\/fr\/politique-en-matiere-de-cookies-de-konek\/\" \/>\n<meta property=\"og:site_name\" content=\"Konek\" \/>\n<meta property=\"article:publisher\" content=\"https:\/\/www.facebook.com\/PayWithKONEK\/\" \/>\n<meta property=\"article:modified_time\" content=\"2026-04-01T14:23:08+00:00\" \/>\n<meta property=\"og:image\" content=\"https:\/\/konek.ca\/wp-content\/uploads\/2026\/04\/site_image_1200x675.jpg\" \/>\n\t<meta property=\"og:image:width\" content=\"1200\" \/>\n\t<meta property=\"og:image:height\" content=\"675\" \/>\n\t<meta property=\"og:image:type\" content=\"image\/jpeg\" \/>\n<meta name=\"twitter:card\" content=\"summary_large_image\" \/>\n<meta name=\"twitter:label1\" content=\"Estimation du temps de lecture\" \/>\n\t<meta name=\"twitter:data1\" content=\"8 minutes\" \/>\n<script type=\"application\/ld+json\" class=\"yoast-schema-graph\">{\"@context\":\"https:\\\/\\\/schema.org\",\"@graph\":[{\"@type\":\"WebPage\",\"@id\":\"https:\\\/\\\/konek.ca\\\/fr\\\/politique-en-matiere-de-cookies-de-konek\\\/\",\"url\":\"https:\\\/\\\/konek.ca\\\/fr\\\/politique-en-matiere-de-cookies-de-konek\\\/\",\"name\":\"Politique en mati\u00e8re de cookies de Konek - Konek\",\"isPartOf\":{\"@id\":\"https:\\\/\\\/konek.ca\\\/fr\\\/#website\"},\"datePublished\":\"2024-10-18T16:09:22+00:00\",\"dateModified\":\"2026-04-01T14:23:08+00:00\",\"description\":\"D\u00e9couvrez comment Konek utilise les cookies pour am\u00e9liorer votre exp\u00e9rience.\",\"breadcrumb\":{\"@id\":\"https:\\\/\\\/konek.ca\\\/fr\\\/politique-en-matiere-de-cookies-de-konek\\\/#breadcrumb\"},\"inLanguage\":\"fr-CA\",\"potentialAction\":[{\"@type\":\"ReadAction\",\"target\":[\"https:\\\/\\\/konek.ca\\\/fr\\\/politique-en-matiere-de-cookies-de-konek\\\/\"]}]},{\"@type\":\"BreadcrumbList\",\"@id\":\"https:\\\/\\\/konek.ca\\\/fr\\\/politique-en-matiere-de-cookies-de-konek\\\/#breadcrumb\",\"itemListElement\":[{\"@type\":\"ListItem\",\"position\":1,\"name\":\"Home\",\"item\":\"https:\\\/\\\/konek.ca\\\/fr\\\/\"},{\"@type\":\"ListItem\",\"position\":2,\"name\":\"Politique en mati\u00e8re de cookies de Konek\"}]},{\"@type\":\"WebSite\",\"@id\":\"https:\\\/\\\/konek.ca\\\/fr\\\/#website\",\"url\":\"https:\\\/\\\/konek.ca\\\/fr\\\/\",\"name\":\"Konek\",\"description\":\"Canada\u2019s way to pay.\",\"publisher\":{\"@id\":\"https:\\\/\\\/konek.ca\\\/fr\\\/#organization\"},\"potentialAction\":[{\"@type\":\"SearchAction\",\"target\":{\"@type\":\"EntryPoint\",\"urlTemplate\":\"https:\\\/\\\/konek.ca\\\/fr\\\/?s={search_term_string}\"},\"query-input\":{\"@type\":\"PropertyValueSpecification\",\"valueRequired\":true,\"valueName\":\"search_term_string\"}}],\"inLanguage\":\"fr-CA\"},{\"@type\":\"Organization\",\"@id\":\"https:\\\/\\\/konek.ca\\\/fr\\\/#organization\",\"name\":\"Konek\",\"url\":\"https:\\\/\\\/konek.ca\\\/fr\\\/\",\"logo\":{\"@type\":\"ImageObject\",\"inLanguage\":\"fr-CA\",\"@id\":\"https:\\\/\\\/konek.ca\\\/fr\\\/#\\\/schema\\\/logo\\\/image\\\/\",\"url\":\"https:\\\/\\\/konek.ca\\\/wp-content\\\/uploads\\\/2026\\\/04\\\/Profile_Image_696x696.png\",\"contentUrl\":\"https:\\\/\\\/konek.ca\\\/wp-content\\\/uploads\\\/2026\\\/04\\\/Profile_Image_696x696.png\",\"width\":696,\"height\":696,\"caption\":\"Konek\"},\"image\":{\"@id\":\"https:\\\/\\\/konek.ca\\\/fr\\\/#\\\/schema\\\/logo\\\/image\\\/\"},\"sameAs\":[\"https:\\\/\\\/www.facebook.com\\\/PayWithKONEK\\\/\",\"https:\\\/\\\/www.tiktok.com\\\/@paywithkonek?lang=en\",\"https:\\\/\\\/www.instagram.com\\\/paywithkonek\\\/\",\"https:\\\/\\\/www.linkedin.com\\\/company\\\/paywithkonek\\\/about\\\/?viewAsMember=true\",\"https:\\\/\\\/www.youtube.com\\\/@PayWithKONEK\"]}]}<\/script>\n<!-- \/ Yoast SEO Premium plugin. -->","yoast_head_json":{"title":"Politique en mati\u00e8re de cookies de Konek - Konek","description":"D\u00e9couvrez comment Konek utilise les cookies pour am\u00e9liorer votre exp\u00e9rience.","robots":{"index":"index","follow":"follow","max-snippet":"max-snippet:-1","max-image-preview":"max-image-preview:large","max-video-preview":"max-video-preview:-1"},"canonical":"https:\/\/konek.ca\/fr\/politique-en-matiere-de-cookies-de-konek\/","og_locale":"fr_CA","og_type":"article","og_title":"Politique en mati\u00e8re de cookies de Konek","og_description":"D\u00e9couvrez comment Konek utilise les cookies pour am\u00e9liorer votre exp\u00e9rience.","og_url":"https:\/\/konek.ca\/fr\/politique-en-matiere-de-cookies-de-konek\/","og_site_name":"Konek","article_publisher":"https:\/\/www.facebook.com\/PayWithKONEK\/","article_modified_time":"2026-04-01T14:23:08+00:00","og_image":[{"width":1200,"height":675,"url":"https:\/\/konek.ca\/wp-content\/uploads\/2026\/04\/site_image_1200x675.jpg","type":"image\/jpeg"}],"twitter_card":"summary_large_image","twitter_misc":{"Estimation du temps de lecture":"8 minutes"},"schema":{"@context":"https:\/\/schema.org","@graph":[{"@type":"WebPage","@id":"https:\/\/konek.ca\/fr\/politique-en-matiere-de-cookies-de-konek\/","url":"https:\/\/konek.ca\/fr\/politique-en-matiere-de-cookies-de-konek\/","name":"Politique en mati\u00e8re de cookies de Konek - Konek","isPartOf":{"@id":"https:\/\/konek.ca\/fr\/#website"},"datePublished":"2024-10-18T16:09:22+00:00","dateModified":"2026-04-01T14:23:08+00:00","description":"D\u00e9couvrez comment Konek utilise les cookies pour am\u00e9liorer votre exp\u00e9rience.","breadcrumb":{"@id":"https:\/\/konek.ca\/fr\/politique-en-matiere-de-cookies-de-konek\/#breadcrumb"},"inLanguage":"fr-CA","potentialAction":[{"@type":"ReadAction","target":["https:\/\/konek.ca\/fr\/politique-en-matiere-de-cookies-de-konek\/"]}]},{"@type":"BreadcrumbList","@id":"https:\/\/konek.ca\/fr\/politique-en-matiere-de-cookies-de-konek\/#breadcrumb","itemListElement":[{"@type":"ListItem","position":1,"name":"Home","item":"https:\/\/konek.ca\/fr\/"},{"@type":"ListItem","position":2,"name":"Politique en mati\u00e8re de cookies de Konek"}]},{"@type":"WebSite","@id":"https:\/\/konek.ca\/fr\/#website","url":"https:\/\/konek.ca\/fr\/","name":"Konek","description":"Canada\u2019s way to pay.","publisher":{"@id":"https:\/\/konek.ca\/fr\/#organization"},"potentialAction":[{"@type":"SearchAction","target":{"@type":"EntryPoint","urlTemplate":"https:\/\/konek.ca\/fr\/?s={search_term_string}"},"query-input":{"@type":"PropertyValueSpecification","valueRequired":true,"valueName":"search_term_string"}}],"inLanguage":"fr-CA"},{"@type":"Organization","@id":"https:\/\/konek.ca\/fr\/#organization","name":"Konek","url":"https:\/\/konek.ca\/fr\/","logo":{"@type":"ImageObject","inLanguage":"fr-CA","@id":"https:\/\/konek.ca\/fr\/#\/schema\/logo\/image\/","url":"https:\/\/konek.ca\/wp-content\/uploads\/2026\/04\/Profile_Image_696x696.png","contentUrl":"https:\/\/konek.ca\/wp-content\/uploads\/2026\/04\/Profile_Image_696x696.png","width":696,"height":696,"caption":"Konek"},"image":{"@id":"https:\/\/konek.ca\/fr\/#\/schema\/logo\/image\/"},"sameAs":["https:\/\/www.facebook.com\/PayWithKONEK\/","https:\/\/www.tiktok.com\/@paywithkonek?lang=en","https:\/\/www.instagram.com\/paywithkonek\/","https:\/\/www.linkedin.com\/company\/paywithkonek\/about\/?viewAsMember=true","https:\/\/www.youtube.com\/@PayWithKONEK"]}]}},"_links":{"self":[{"href":"https:\/\/konek.ca\/fr\/wp-json\/wp\/v2\/pages\/2568","targetHints":{"allow":["GET"]}}],"collection":[{"href":"https:\/\/konek.ca\/fr\/wp-json\/wp\/v2\/pages"}],"about":[{"href":"https:\/\/konek.ca\/fr\/wp-json\/wp\/v2\/types\/page"}],"author":[{"embeddable":true,"href":"https:\/\/konek.ca\/fr\/wp-json\/wp\/v2\/users\/1"}],"replies":[{"embeddable":true,"href":"https:\/\/konek.ca\/fr\/wp-json\/wp\/v2\/comments?post=2568"}],"version-history":[{"count":0,"href":"https:\/\/konek.ca\/fr\/wp-json\/wp\/v2\/pages\/2568\/revisions"}],"wp:attachment":[{"href":"https:\/\/konek.ca\/fr\/wp-json\/wp\/v2\/media?parent=2568"}],"curies":[{"name":"wp","href":"https:\/\/api.w.org\/{rel}","templated":true}]}}