{"id":2628,"date":"2024-10-24T13:33:33","date_gmt":"2024-10-24T17:33:33","guid":{"rendered":"https:\/\/konekcastg.wpengine.com\/?page_id=2628"},"modified":"2026-04-01T00:58:19","modified_gmt":"2026-04-01T04:58:19","slug":"a-propos-de-konek","status":"publish","type":"page","link":"https:\/\/konek.ca\/fr\/a-propos-de-konek\/","title":{"rendered":"\u00c0 propos de Konek"},"content":{"rendered":"\n<script>\nfunction playAudio(url) {\n  new Audio(url).play();\n}\n<\/script>\n\n\n\n<section id=\"hero\" class=\"hero-block\" style=\"background-color: ; padding-top:0px; padding-bottom:0px; margin-bottom:100px; margin-top:0px\">\n    <div class=\"container pt-5 py-md-5\">\n        \n                <div class=\"row d-flex justify-content-center align-items-center\">\n            <div class=\"col col-md-8\">\n                            <h1>Pr\u00e9sentation de\r\n<?xml version=\"1.0\" encoding=\"UTF-8\"?>\r\n<svg id=\"Layer_1\" xmlns=\"http:\/\/www.w3.org\/2000\/svg\" version=\"1.1\" viewBox=\"0 0 603 157.9\">\r\n  <!-- Generator: Adobe Illustrator 29.6.0, SVG Export Plug-In . SVG Version: 2.1.1 Build 207)  -->\r\n  <defs>\r\n    <style>\r\n      .st0 {\r\n        fill: #0f1019;\r\n      }\r\n    <\/style>\r\n  <\/defs>\r\n  <path class=\"st0\" d=\"M520.5,108.6c21.2-12,36.9-34.7,36.9-59h-31.5c0,19.6-17.4,35.6-37,35.9V0h-33.1v90.6c-6.6-22.3-27.2-38.5-51.6-38.5s-45.3,16.5-51.8,39c-5.2-22.9-24.6-39-49.2-39s-44.1,16.8-49.6,39.3c-1.2-4.4-3-8.7-5.3-12.7-4.8-8.1-11.2-14.6-19.3-19.4-8-4.8-17-7.2-26.8-7.2s-14.2,1.4-20.6,4.2c-6.5,2.8-12.1,6.6-17,11.6-4.9,4.9-8.7,10.6-11.4,17.1s-4.1,13.5-4.1,20.9.3,6.5.8,9.6c-12.6-16.4-32.3-27-54.5-27h-5.9v-19h5.9c35.9,0,68.7-32.9,68.7-68.9V0h-32.8v.5c0,19.6-16.1,35.6-35.9,35.6h-5.9V0h-33.1v36.2h-4.5c-23.7,0-42.9,19.2-42.9,42.8s19.2,42.8,42.9,42.8h4.5v36.1h33.1v-36.1h5.9c21.1,0,35.3,14.3,35.3,35.6v.5h33.4v-.5c0-5.7-.7-11.2-2-16.4,3.8,4.4,8.3,8.1,13.4,11.2,8,4.8,17,7.3,26.8,7.3s14.3-1.5,20.7-4.3c6.4-2.8,12.1-6.6,16.9-11.6,4.9-4.9,8.7-10.6,11.5-17.1.3-.7.6-1.4.9-2.1v33.5h33.1v-57.9c0-6.8,5.6-16.9,17.7-16.9s17.7,8.8,17.7,16.9v57.9h33.1v-33.1c7.7,20.3,27.3,34.7,50.4,34.7,11.2-.1,21.7-3.1,28.7-7.7,3.3-2.2,5.2-3.5,11.5-9.2l-19-21.5c-11.5,11.1-26.9,12.5-35.5,4.1-2.2-2.2-4-5-5.2-8.5h71.1v41.2h33.1v-40.3l37.6,40.3h40.1l-46.1-49.3h0ZM56.3,88.4h-5.9c-5.2,0-9.5-4.3-9.5-9.5s4.3-9.5,9.5-9.5h5.9v19h0ZM220.7,117.2c-1.8,3.5-4.4,6.3-7.6,8.4-3.2,2.1-6.9,3.2-10.9,3.2h0c-3.8,0-7.4-1-10.6-3s-5.8-4.8-7.8-8.2c-2-3.5-2.9-7.4-2.9-11.7s.9-8,2.8-11.5c1.9-3.5,4.4-6.4,7.7-8.5,3.2-2.1,7-3.2,10.8-3.2s7.4,1,10.6,3.1,5.8,4.9,7.8,8.4c2,3.5,2.9,7.6,2.9,11.7s-.9,7.9-2.8,11.4h0ZM383.5,92.6c1.1-3.1,2.8-5.9,4.9-8.3,2.1-2.4,4.6-4.3,7.5-5.7,2.9-1.4,5.9-2.1,9.2-2.1s6.4.7,9.3,2.1,5.4,3.3,7.5,5.7c2.2,2.4,3.8,5.2,4.8,8.3h-43.2,0Z\"\/>\r\n  <g>\r\n    <path class=\"st0\" d=\"M570.8,49.3h3.4l4.5,11.1h.2l4.5-11.1h3.4v15.3h-2.7v-10.5h-.1l-4.2,10.4h-2l-4.2-10.5h-.1v10.5h-2.7v-15.3h0Z\"\/>\r\n    <path class=\"st0\" d=\"M602.9,54.4h-2.8c0-.5-.2-.9-.4-1.2s-.5-.7-.8-.9-.7-.4-1.1-.6c-.4-.1-.8-.2-1.3-.2-.8,0-1.6.2-2.2.6-.6.4-1.1,1-1.5,1.8-.4.8-.5,1.8-.5,2.9s.2,2.1.5,2.9.9,1.4,1.5,1.8,1.4.6,2.2.6.9,0,1.3-.2c.4-.1.8-.3,1.1-.5.3-.2.6-.5.8-.9s.4-.8.5-1.2h2.8c0,.8-.3,1.4-.7,2.1s-.8,1.2-1.3,1.7-1.2.9-2,1.1c-.8.3-1.6.4-2.5.4-1.3,0-2.5-.3-3.6-.9-1-.6-1.9-1.5-2.5-2.7s-.9-2.6-.9-4.2.3-3.1.9-4.2,1.4-2.1,2.5-2.7c1-.6,2.2-.9,3.6-.9s1.6.1,2.4.4,1.4.6,2,1.1,1,1,1.4,1.7c.4.7.6,1.4.7,2.3h0Z\"\/>\r\n  <\/g>\r\n<\/svg><\/h1>\n                                        <div class=\"fw-normal mt-5 hero-copy\"><p class=\"h-kuh-neck\">Comment prononcer Konek<span>[\u00ab\u00a0kuh-neck\u00a0\u00bb]<\/span><\/p>\r\n<i class=\"fa-solid fa-circle-play\" onclick=\"playAudio('https:\/\/konek.ca\/wp-content\/uploads\/2024\/10\/Kuh-Neck-Audio-File.wav')\"><\/i><\/div>\n                                    <\/div>\n            \n            <\/div>\n                \n    <\/div>\n<\/section>\n\n\n<section id=\"flip-card\" class=\"flip-card-block k-features\" style=\"background-color: ; padding-top:0px; padding-bottom:0px; margin-bottom:0px; margin-top:0px\">\n    <div class=\"container\">\n                    <div class=\"row\">\n                <div class=\"col text-center mb-5\">\n                                            <h2>La diff\u00e9rence Konek<\/h2>\n                                                                <div class=\"copy fs-5\"><p>Profitez d\u2019une nouvelle fa\u00e7on de payer en ligne avec Konek<sup>MC<\/sup>. Konek est une solution de paiement num\u00e9rique canadienne qui aide \u00e0 simplifier le processus de paiement en regroupant vos options de paiement en un seul endroit.<\/p>\n<\/div>\n                                    <\/div>\n            <\/div>\n        \n                            <div class=\"row d-flex justify-content-center\">\n                                \n                        <div class=\"col-card border border-0 mx-4 col-md-12 col-lg-5 \" style=\"background-color: #f8f8f8;\">\n                                                <div class=\"card bg-transparent border-0\">\n                        <div class=\"front\">\n                            <div class=\"card-header px-0 bg-transparent border border-0\">\n                                <h5 class=\"card-title my-0 py-0\">Con\u00e7u au Canada<\/h5>\n                            <\/div>\n                            <div class=\"card-body px-0\">\n                                <p>Cr\u00e9\u00e9 par Interac Corp. en collaboration avec les principales institutions financi\u00e8res du Canada, le service Konek a \u00e9t\u00e9 con\u00e7u pour r\u00e9pondre au besoin croissant d\u2019offrir aux Canadiens plus d\u2019options de paiement en ligne. Une solution de paiement offerte par les banques et les caisses populaires canadiennes participantes que vous utilisez d\u00e9j\u00e0 et en qui vous avez confiance.<\/p>\n                                                            <\/div>\n                        <\/div>\n                                            <\/div>\n                    <\/div>\n                                \n                        <div class=\"col-card border border-0 mx-4 col-md-12 col-lg-5 \" style=\"background-color: #f8f8f8;\">\n                                                <div class=\"card bg-transparent border-0\">\n                        <div class=\"front\">\n                            <div class=\"card-header px-0 bg-transparent border border-0\">\n                                <h5 class=\"card-title my-0 py-0\">S\u00fbr et s\u00e9curitaire<\/h5>\n                            <\/div>\n                            <div class=\"card-body px-0\">\n                                <p>Nous prenons la s\u00e9curit\u00e9 au s\u00e9rieux. Konek ne stocke pas d\u2019informations de carte bancaire ou de compte sur sa plateforme, n\u2019utilisant que l\u2019authentification s\u00e9curis\u00e9e des institutions financi\u00e8res pour traiter un achat. Seules les donn\u00e9es n\u00e9cessaires seront partag\u00e9es avec le commer\u00e7ant pour traiter une transaction.<\/p>\n                                                            <\/div>\n                        <\/div>\n                                            <\/div>\n                    <\/div>\n                                    <\/div>\n                    \n    <\/div>\n<\/section>\n\n\n<section id=\"flip-card\" class=\"flip-card-block k-features\" style=\"background-color: ; padding-top:0px; padding-bottom:0px; margin-bottom:0px; margin-top:0px\">\n    <div class=\"container\">\n        \n                            <div class=\"row d-flex justify-content-center\">\n                                \n                        <div class=\"col-card border border-0 mx-4 col-md-12 col-lg-5 \" style=\"background-color: #f8f8f8;\">\n                                                <div class=\"card bg-transparent border-0\">\n                        <div class=\"front\">\n                            <div class=\"card-header px-0 bg-transparent border border-0\">\n                                <h5 class=\"card-title my-0 py-0\">De nombreuses fa\u00e7ons de payer<\/h5>\n                            <\/div>\n                            <div class=\"card-body px-0\">\n                                <p>Que ce soit par l\u2019entremise de votre compte ch\u00e8ques, de votre compte d\u2019\u00e9pargne, de votre marge de cr\u00e9dit ou de votre carte de cr\u00e9dit, Konek vous offre la possibilit\u00e9 de choisir votre mode de paiement en fonction de ceux que le commer\u00e7ant accepte.<\/p>\n                                                            <\/div>\n                        <\/div>\n                                            <\/div>\n                    <\/div>\n                                \n                        <div class=\"col-card border border-0 mx-4 col-md-12 col-lg-5 \" style=\"background-color: #f8f8f8;\">\n                                                <div class=\"card bg-transparent border-0\">\n                        <div class=\"front\">\n                            <div class=\"card-header px-0 bg-transparent border border-0\">\n                                <h5 class=\"card-title my-0 py-0\">Interac Direct<sup>MC<\/sup><\/h5>\n                            <\/div>\n                            <div class=\"card-body px-0\">\n                                <p>Disponible exclusivement sur Konek, Interac Direct est la seule solution de paiement num\u00e9rique canadienne qui vous permet de payer vos achats directement \u00e0 partir de votre compte ch\u00e8ques ou de votre compte d\u2019\u00e9pargne<sup>*<\/sup><\/p>\n<p><a href=\"https:\/\/www.interac.ca\/en\/payments\/personal\/interac-direct\/\" target=\"_blank\" title=\"Interac Direct\">Apprendre encore plus <i class=\"fa-light fa-chevron-right\"><\/i><\/a><\/p>\n                                                            <\/div>\n                        <\/div>\n                                            <\/div>\n                    <\/div>\n                                    <\/div>\n                    \n    <\/div>\n<\/section>\n\n\n<section id=\"cta\" class=\"container cta-block\" style=\"background-color: #0f1019; padding-top:0px; padding-bottom:50px; margin-bottom:50px; margin-top:50px\">\n    <div class=\"row d-flex flex-column justify-content-center text-center\">\n        <div class=\"col-md-4 mx-auto mb-5 k-fadeup\">\n                    <img decoding=\"async\" src=\"https:\/\/konek.ca\/wp-content\/uploads\/2025\/10\/Choose-how-you-want-to-pay-_FR-e1761671837584.png\" alt=\"\" class=\"img-fluid\" loading=\"lazy\" \/>\n                <\/div>\n        <div class=\"col k-fadeup\">\n                    <h2 class=\"pb-2 cta-title\">Choisissez comment vous souhaitez payer<\/h2>\n                            <div class=\"fw-light fs-5 cta-copy col-md-4 mx-auto\"><p>Apr\u00e8s votre premi\u00e8re inscription, vous pouvez effectuer votre paiement en un seul clic.<\/p>\n<\/div>\n                            <a href=\"https:\/\/ui.Konek.ca\/user-portal\/auth\/landing?lang=fr-CA\" class=\"btn btn-secondary mt-4 py-2\" aria-label=\"\">S&rsquo;inscrire<\/a>\n                <\/div>\n    <\/div>\n<\/section>\n\n\n<p>*La disponibilit\u00e9 du mode de paiement peut varier selon le commer\u00e7ant.<\/p>\n","protected":false},"excerpt":{"rendered":"<p>*La disponibilit\u00e9 du mode de paiement peut varier selon le commer\u00e7ant.<\/p>\n","protected":false},"author":1,"featured_media":0,"parent":0,"menu_order":0,"comment_status":"closed","ping_status":"closed","template":"page-about.blade.php","meta":{"_acf_changed":true,"footnotes":""},"class_list":["post-2628","page","type-page","status-publish","hentry"],"acf":[],"yoast_head":"<!-- This site is optimized with the Yoast SEO Premium plugin v26.5 (Yoast SEO v27.3) - https:\/\/yoast.com\/product\/yoast-seo-premium-wordpress\/ -->\n<title>\u00c0 propos de Konek - Konek<\/title>\n<meta name=\"description\" content=\"Apprenez-en plus sur Konek et notre mission de simplifier les paiements au Canada.\" \/>\n<meta name=\"robots\" content=\"index, follow, max-snippet:-1, max-image-preview:large, max-video-preview:-1\" \/>\n<link rel=\"canonical\" href=\"https:\/\/konek.ca\/fr\/a-propos-de-konek\/\" \/>\n<meta property=\"og:locale\" content=\"fr_CA\" \/>\n<meta property=\"og:type\" content=\"article\" \/>\n<meta property=\"og:title\" content=\"\u00c0 propos de Konek\" \/>\n<meta property=\"og:description\" content=\"Apprenez-en plus sur Konek et notre mission de simplifier les paiements au Canada.\" \/>\n<meta property=\"og:url\" content=\"https:\/\/konek.ca\/fr\/a-propos-de-konek\/\" \/>\n<meta property=\"og:site_name\" content=\"Konek\" \/>\n<meta property=\"article:publisher\" content=\"https:\/\/www.facebook.com\/PayWithKONEK\/\" \/>\n<meta property=\"article:modified_time\" content=\"2026-04-01T04:58:19+00:00\" \/>\n<meta property=\"og:image\" content=\"https:\/\/konek.ca\/wp-content\/uploads\/2026\/04\/site_image_1200x675.jpg\" \/>\n\t<meta property=\"og:image:width\" content=\"1200\" \/>\n\t<meta property=\"og:image:height\" content=\"675\" \/>\n\t<meta property=\"og:image:type\" content=\"image\/jpeg\" \/>\n<meta name=\"twitter:card\" content=\"summary_large_image\" \/>\n<meta name=\"twitter:label1\" content=\"Estimation du temps de lecture\" \/>\n\t<meta name=\"twitter:data1\" content=\"1 minute\" \/>\n<script type=\"application\/ld+json\" class=\"yoast-schema-graph\">{\"@context\":\"https:\\\/\\\/schema.org\",\"@graph\":[{\"@type\":\"WebPage\",\"@id\":\"https:\\\/\\\/konek.ca\\\/fr\\\/a-propos-de-konek\\\/\",\"url\":\"https:\\\/\\\/konek.ca\\\/fr\\\/a-propos-de-konek\\\/\",\"name\":\"\u00c0 propos de Konek - Konek\",\"isPartOf\":{\"@id\":\"https:\\\/\\\/konek.ca\\\/fr\\\/#website\"},\"datePublished\":\"2024-10-24T17:33:33+00:00\",\"dateModified\":\"2026-04-01T04:58:19+00:00\",\"description\":\"Apprenez-en plus sur Konek et notre mission de simplifier les paiements au Canada.\",\"breadcrumb\":{\"@id\":\"https:\\\/\\\/konek.ca\\\/fr\\\/a-propos-de-konek\\\/#breadcrumb\"},\"inLanguage\":\"fr-CA\",\"potentialAction\":[{\"@type\":\"ReadAction\",\"target\":[\"https:\\\/\\\/konek.ca\\\/fr\\\/a-propos-de-konek\\\/\"]}]},{\"@type\":\"BreadcrumbList\",\"@id\":\"https:\\\/\\\/konek.ca\\\/fr\\\/a-propos-de-konek\\\/#breadcrumb\",\"itemListElement\":[{\"@type\":\"ListItem\",\"position\":1,\"name\":\"Home\",\"item\":\"https:\\\/\\\/konek.ca\\\/fr\\\/\"},{\"@type\":\"ListItem\",\"position\":2,\"name\":\"\u00c0 propos de Konek\"}]},{\"@type\":\"WebSite\",\"@id\":\"https:\\\/\\\/konek.ca\\\/fr\\\/#website\",\"url\":\"https:\\\/\\\/konek.ca\\\/fr\\\/\",\"name\":\"Konek\",\"description\":\"Canada\u2019s way to pay.\",\"publisher\":{\"@id\":\"https:\\\/\\\/konek.ca\\\/fr\\\/#organization\"},\"potentialAction\":[{\"@type\":\"SearchAction\",\"target\":{\"@type\":\"EntryPoint\",\"urlTemplate\":\"https:\\\/\\\/konek.ca\\\/fr\\\/?s={search_term_string}\"},\"query-input\":{\"@type\":\"PropertyValueSpecification\",\"valueRequired\":true,\"valueName\":\"search_term_string\"}}],\"inLanguage\":\"fr-CA\"},{\"@type\":\"Organization\",\"@id\":\"https:\\\/\\\/konek.ca\\\/fr\\\/#organization\",\"name\":\"Konek\",\"url\":\"https:\\\/\\\/konek.ca\\\/fr\\\/\",\"logo\":{\"@type\":\"ImageObject\",\"inLanguage\":\"fr-CA\",\"@id\":\"https:\\\/\\\/konek.ca\\\/fr\\\/#\\\/schema\\\/logo\\\/image\\\/\",\"url\":\"https:\\\/\\\/konek.ca\\\/wp-content\\\/uploads\\\/2026\\\/04\\\/Profile_Image_696x696.png\",\"contentUrl\":\"https:\\\/\\\/konek.ca\\\/wp-content\\\/uploads\\\/2026\\\/04\\\/Profile_Image_696x696.png\",\"width\":696,\"height\":696,\"caption\":\"Konek\"},\"image\":{\"@id\":\"https:\\\/\\\/konek.ca\\\/fr\\\/#\\\/schema\\\/logo\\\/image\\\/\"},\"sameAs\":[\"https:\\\/\\\/www.facebook.com\\\/PayWithKONEK\\\/\",\"https:\\\/\\\/www.tiktok.com\\\/@paywithkonek?lang=en\",\"https:\\\/\\\/www.instagram.com\\\/paywithkonek\\\/\",\"https:\\\/\\\/www.linkedin.com\\\/company\\\/paywithkonek\\\/about\\\/?viewAsMember=true\",\"https:\\\/\\\/www.youtube.com\\\/@PayWithKONEK\"]}]}<\/script>\n<!-- \/ Yoast SEO Premium plugin. -->","yoast_head_json":{"title":"\u00c0 propos de Konek - Konek","description":"Apprenez-en plus sur Konek et notre mission de simplifier les paiements au Canada.","robots":{"index":"index","follow":"follow","max-snippet":"max-snippet:-1","max-image-preview":"max-image-preview:large","max-video-preview":"max-video-preview:-1"},"canonical":"https:\/\/konek.ca\/fr\/a-propos-de-konek\/","og_locale":"fr_CA","og_type":"article","og_title":"\u00c0 propos de Konek","og_description":"Apprenez-en plus sur Konek et notre mission de simplifier les paiements au Canada.","og_url":"https:\/\/konek.ca\/fr\/a-propos-de-konek\/","og_site_name":"Konek","article_publisher":"https:\/\/www.facebook.com\/PayWithKONEK\/","article_modified_time":"2026-04-01T04:58:19+00:00","og_image":[{"width":1200,"height":675,"url":"https:\/\/konek.ca\/wp-content\/uploads\/2026\/04\/site_image_1200x675.jpg","type":"image\/jpeg"}],"twitter_card":"summary_large_image","twitter_misc":{"Estimation du temps de lecture":"1 minute"},"schema":{"@context":"https:\/\/schema.org","@graph":[{"@type":"WebPage","@id":"https:\/\/konek.ca\/fr\/a-propos-de-konek\/","url":"https:\/\/konek.ca\/fr\/a-propos-de-konek\/","name":"\u00c0 propos de Konek - Konek","isPartOf":{"@id":"https:\/\/konek.ca\/fr\/#website"},"datePublished":"2024-10-24T17:33:33+00:00","dateModified":"2026-04-01T04:58:19+00:00","description":"Apprenez-en plus sur Konek et notre mission de simplifier les paiements au Canada.","breadcrumb":{"@id":"https:\/\/konek.ca\/fr\/a-propos-de-konek\/#breadcrumb"},"inLanguage":"fr-CA","potentialAction":[{"@type":"ReadAction","target":["https:\/\/konek.ca\/fr\/a-propos-de-konek\/"]}]},{"@type":"BreadcrumbList","@id":"https:\/\/konek.ca\/fr\/a-propos-de-konek\/#breadcrumb","itemListElement":[{"@type":"ListItem","position":1,"name":"Home","item":"https:\/\/konek.ca\/fr\/"},{"@type":"ListItem","position":2,"name":"\u00c0 propos de Konek"}]},{"@type":"WebSite","@id":"https:\/\/konek.ca\/fr\/#website","url":"https:\/\/konek.ca\/fr\/","name":"Konek","description":"Canada\u2019s way to pay.","publisher":{"@id":"https:\/\/konek.ca\/fr\/#organization"},"potentialAction":[{"@type":"SearchAction","target":{"@type":"EntryPoint","urlTemplate":"https:\/\/konek.ca\/fr\/?s={search_term_string}"},"query-input":{"@type":"PropertyValueSpecification","valueRequired":true,"valueName":"search_term_string"}}],"inLanguage":"fr-CA"},{"@type":"Organization","@id":"https:\/\/konek.ca\/fr\/#organization","name":"Konek","url":"https:\/\/konek.ca\/fr\/","logo":{"@type":"ImageObject","inLanguage":"fr-CA","@id":"https:\/\/konek.ca\/fr\/#\/schema\/logo\/image\/","url":"https:\/\/konek.ca\/wp-content\/uploads\/2026\/04\/Profile_Image_696x696.png","contentUrl":"https:\/\/konek.ca\/wp-content\/uploads\/2026\/04\/Profile_Image_696x696.png","width":696,"height":696,"caption":"Konek"},"image":{"@id":"https:\/\/konek.ca\/fr\/#\/schema\/logo\/image\/"},"sameAs":["https:\/\/www.facebook.com\/PayWithKONEK\/","https:\/\/www.tiktok.com\/@paywithkonek?lang=en","https:\/\/www.instagram.com\/paywithkonek\/","https:\/\/www.linkedin.com\/company\/paywithkonek\/about\/?viewAsMember=true","https:\/\/www.youtube.com\/@PayWithKONEK"]}]}},"_links":{"self":[{"href":"https:\/\/konek.ca\/fr\/wp-json\/wp\/v2\/pages\/2628","targetHints":{"allow":["GET"]}}],"collection":[{"href":"https:\/\/konek.ca\/fr\/wp-json\/wp\/v2\/pages"}],"about":[{"href":"https:\/\/konek.ca\/fr\/wp-json\/wp\/v2\/types\/page"}],"author":[{"embeddable":true,"href":"https:\/\/konek.ca\/fr\/wp-json\/wp\/v2\/users\/1"}],"replies":[{"embeddable":true,"href":"https:\/\/konek.ca\/fr\/wp-json\/wp\/v2\/comments?post=2628"}],"version-history":[{"count":0,"href":"https:\/\/konek.ca\/fr\/wp-json\/wp\/v2\/pages\/2628\/revisions"}],"wp:attachment":[{"href":"https:\/\/konek.ca\/fr\/wp-json\/wp\/v2\/media?parent=2628"}],"curies":[{"name":"wp","href":"https:\/\/api.w.org\/{rel}","templated":true}]}}